{"id":463,"date":"2020-04-21T15:50:58","date_gmt":"2020-04-21T15:50:58","guid":{"rendered":"https:\/\/impulsabadalona.org\/bases-del-concurso\/"},"modified":"2020-04-21T15:51:02","modified_gmt":"2020-04-21T15:51:02","slug":"bases-del-concurso","status":"publish","type":"page","link":"https:\/\/impulsabadalona.org\/es\/bases-del-concurso\/","title":{"rendered":"Bases del concurso"},"content":{"rendered":"\t\t<div data-elementor-type=\"wp-page\" data-elementor-id=\"463\" class=\"elementor elementor-463 elementor-456\" data-elementor-post-type=\"page\">\n\t\t\t\t\t\t<section class=\"elementor-section elementor-top-section elementor-element elementor-element-10a919ae elementor-section-height-min-height elementor-section-boxed elementor-section-height-default elementor-section-items-middle\" data-id=\"10a919ae\" data-element_type=\"section\" data-settings=\"{&quot;background_background&quot;:&quot;classic&quot;}\">\n\t\t\t\t\t\t<div class=\"elementor-container elementor-column-gap-default\">\n\t\t\t\t\t<div class=\"elementor-column elementor-col-100 elementor-top-column elementor-element elementor-element-2bb28c9b\" data-id=\"2bb28c9b\" data-element_type=\"column\">\n\t\t\t<div class=\"elementor-widget-wrap elementor-element-populated\">\n\t\t\t\t\t\t<div class=\"elementor-element elementor-element-3b6dcaee elementor-widget elementor-widget-image\" data-id=\"3b6dcaee\" data-element_type=\"widget\" data-widget_type=\"image.default\">\n\t\t\t\t<div class=\"elementor-widget-container\">\n\t\t\t\t\t\t\t\t\t\t\t\t\t<img fetchpriority=\"high\" decoding=\"async\" width=\"800\" height=\"800\" src=\"https:\/\/impulsabadalona.org\/wp-content\/uploads\/2020\/04\/heart-white.png\" class=\"attachment-large size-large wp-image-42\" alt=\"\" srcset=\"https:\/\/impulsabadalona.org\/wp-content\/uploads\/2020\/04\/heart-white.png 800w, https:\/\/impulsabadalona.org\/wp-content\/uploads\/2020\/04\/heart-white-300x300.png 300w, https:\/\/impulsabadalona.org\/wp-content\/uploads\/2020\/04\/heart-white-150x150.png 150w, https:\/\/impulsabadalona.org\/wp-content\/uploads\/2020\/04\/heart-white-768x768.png 768w\" sizes=\"(max-width: 800px) 100vw, 800px\" \/>\t\t\t\t\t\t\t\t\t\t\t\t\t<\/div>\n\t\t\t\t<\/div>\n\t\t\t\t<div class=\"elementor-element elementor-element-1f16616e elementor-widget elementor-widget-heading\" data-id=\"1f16616e\" data-element_type=\"widget\" data-widget_type=\"heading.default\">\n\t\t\t\t<div class=\"elementor-widget-container\">\n\t\t\t<h2 class=\"elementor-heading-title elementor-size-default\">Bases del concurso<\/h2>\t\t<\/div>\n\t\t\t\t<\/div>\n\t\t\t\t\t<\/div>\n\t\t<\/div>\n\t\t\t\t\t<\/div>\n\t\t<\/section>\n\t\t\t\t<section class=\"elementor-section elementor-top-section elementor-element elementor-element-1f9f6f07 elementor-section-boxed elementor-section-height-default elementor-section-height-default\" data-id=\"1f9f6f07\" data-element_type=\"section\">\n\t\t\t\t\t\t<div class=\"elementor-container elementor-column-gap-wider\">\n\t\t\t\t\t<div class=\"elementor-column elementor-col-100 elementor-top-column elementor-element elementor-element-44421829\" data-id=\"44421829\" data-element_type=\"column\">\n\t\t\t<div class=\"elementor-widget-wrap elementor-element-populated\">\n\t\t\t\t\t\t<div class=\"elementor-element elementor-element-75da6f65 elementor-widget elementor-widget-heading\" data-id=\"75da6f65\" data-element_type=\"widget\" data-widget_type=\"heading.default\">\n\t\t\t\t<div class=\"elementor-widget-container\">\n\t\t\t<h4 class=\"elementor-heading-title elementor-size-default\">En que consiste<\/h4>\t\t<\/div>\n\t\t\t\t<\/div>\n\t\t\t\t<div class=\"elementor-element elementor-element-2907ed8e elementor-widget elementor-widget-text-editor\" data-id=\"2907ed8e\" data-element_type=\"widget\" data-widget_type=\"text-editor.default\">\n\t\t\t\t<div class=\"elementor-widget-container\">\n\t\t\t\t\t\t\t<p>Estas Bases han sido elaboradas para la correcta aplicaci\u00f3n del concurso de lanzamiento de Impulsa Badalona y para establecer su marco legal, tanto de participaci\u00f3n como de tratamiento de datos..&nbsp;<\/p>\n<p>Impulsa Badalona es una plataforma que pone en valor la colaboraci\u00f3n entre empresas y ciudadanos, para fomentar la econom\u00eda local de Badalona.<\/p>\n<h3>\u00c1mbito del concurso<\/h3>\n<p>El Concurso est\u00e1 dirigido a aquellas empresas de la ciudad de Badalona. Ya sea porque tengan origen en el municipio o una parte de su negocio, como delegaci\u00f3n o sede empresarial. La participaci\u00f3n se realizar\u00e1 mediante el formulario de inscripci\u00f3n al directorio de empresas de Impulsa Badalona. Es decir, uni\u00e9ndose a la plataforma. Ya sea porque tengan origen en el municipio o una parte de su negocio, como delegaci\u00f3n o sede empresarial. La participaci\u00f3n se realizar\u00e1 mediante el formulario de inscripci\u00f3n al directorio de empresas de Impulsa &nbsp;Badalona. Es decir, uni\u00e9ndose a la plataforma.<\/p>\n<p><\/p>\n<h3>Per\u00edodo de participaci\u00f3n<\/h3>\n<p>A partir del d\u00eda 15 de abril de 2020, las empresas pueden participar en el concurso de lanzamiento de &nbsp;Impulsa Badalona&nbsp;, a trav\u00e9s de https:\/\/impulsabadalona.org\/unir-me\/ y realizando el formulario de inscripci\u00f3n. Al final del formulario, aparece la opci\u00f3n para elegir qu\u00e9 servicio se quiere disfrutar en caso de ganar. Al final del formulario, aparece la opci\u00f3n para elegir qu\u00e9 servicio se quiere disfrutar en caso de ganar.<\/p>\n<p>Aquellas empresas que se unan a &nbsp;Impulsa Badalona&nbsp;, entrar\u00e1n directamente al concurso de lanzamiento. Rellenando el formulario de inscripci\u00f3n a &nbsp;Impulsa Badalona&nbsp;, en la \u00faltima pregunta se podr\u00e1 elegir el posible servicio de premio: una nueva web, el dise\u00f1o de la identidad corporativa o servicios de marketing digital y redes sociales. .<\/p>\n<p><\/p>\n<h3>Per\u00edodo de participaci\u00f3n<\/h3>\n<p>Todas aquellas empresas que se unan a&nbsp; Impulsa Badalona &nbsp;antes del fin del confinamiento actual, causado por la pandemia de la &nbsp;Covid-19, participar\u00e1n directamente en el presente concurso.<\/p>\n<p><\/p>\n<h3>Criterios del concurso<\/h3>\n<p>Una vez la empresa se une a&nbsp; Impulsa Badalona&nbsp;, pasa a formar parte del concurso. El procedimiento consistir\u00e1 en una mec\u00e1nica basada en el n\u00famero de \u201clikes\u201d a &nbsp;trav\u00e9s de la plataforma de Instagram Desde el perfil de Einatec, se har\u00e1 una publicaci\u00f3n sobre cada empresa que participe. Aquella publicaci\u00f3n que obtenga m\u00e1s &nbsp;likes, ser\u00e1 la ganadora del concurso.<\/p>\n<p>Por ejemplo, si la empresa 1, la empresa 2 y la empresa 3, se unieran a la plataforma de Impulsa&nbsp; Badalona, pasar\u00edan directamente a formar parte del concurso Posteriormente, desde el perfil de Instagram de Einatec, se har\u00e1 una publicaci\u00f3n por orden cronol\u00f3gico y de manera separada de la empresa 1, la empresa 2 y la empresa. Aquella publicaci\u00f3n que obtenga un mayor n\u00famero de&nbsp;likes, ser\u00e1 la ganadora.<\/p>\n<p>El concurso tiene un \u00fanico ganador.<\/p>\n<p><\/p>\n<h3>Fases del Concurso<\/h3>\n<ol>\n<li><b>Inscripci\u00f3n: <\/b>La empresa necesita unirse a &nbsp;Impulsa&nbsp; Badalona antes de que se termine el per\u00edodo de confinamiento causado por la pandemia de la &nbsp;Covid-19. Se le preguntar\u00e1, ya sea v\u00eda formulario o por mail, a qu\u00e9 premio quiere optar. Con la adscripci\u00f3n a Impulsa Badalona, se convierte en participante directamente. Con la adscripci\u00f3n a &nbsp;Impulsa&nbsp; Badalona, se convierte en participante directamente.<\/li>\n<li><b>Publicaci\u00f3n:<\/b> Cada empresa participante ser\u00e1 anunciada en una publicaci\u00f3n de Instagram, desde la cuenta de Einatec, cuando se haya unido a &nbsp;Impulsa &nbsp;Badalona.<\/li>\n<li><b>Recuento:<\/b> Cuando termine la situaci\u00f3n de confinamiento, se har\u00e1 un recuento de los &nbsp;likes &nbsp;obtenidos en cada publicaci\u00f3n. Aquella publicaci\u00f3n de empresa que haya obtenido m\u00e1s&nbsp; likes, ser\u00e1 la ganadora del concurso.<\/li>\n<\/ol>\n<p><\/p>\n<h3>Premios<\/h3>\n<p>Se puede escoger entre 3 premios distintos. Se trata de un seguido de servicios para empresas, que ser\u00e1n realizados por la empresa &nbsp;Einatec &nbsp;al ganador. Los premios a los que se puede optar son los siguientes.<\/p>\n<ul>\n<li>P\u00e1gina web: creaci\u00f3n de una nueva p\u00e1gina web para la empresa.<\/li>\n<li>Plan de marketing digital y &nbsp;RRSS: estrategia de marca, plan de acci\u00f3n digital y redes sociales.<\/li>\n<li>Redise\u00f1o de la identidad corporativa: nuevo&nbsp; branding &nbsp;corporativo, identidad e imagen.<\/li>\n<\/ul>\n<p><\/p>\n<h3>Entrega del Premio<\/h3>\n<p>Una vez termine el recuento y el concurso llegue a su fin, nos pondremos en contacto con el ganador para poner en marcha el servicio que escoja como premio.<\/p>\n<p>El total de las acciones llevadas a caso desde Einatec, para la empresa ganadora, no sobrepasar\u00e1 el valor total de los 2.000\u20ac. Es decir, el servicio realizado para el ganador comprender\u00e1 un valor de 2.000\u20ac, seg\u00fan presupuesto.<\/p>\n<p><\/p>\n<h3>\u00bfTratamiento de datos?<\/h3>\n<p>Sus datos personales se incorporar\u00e1n en un fichero cuyo titular es&nbsp; Einatec &nbsp;Consulting, S.L. con la finalidad de gestionar la relaci\u00f3n que nos&nbsp; vicula &nbsp;e informarle sobre nuestros servicios. Puede ejercitar sus derechos de acceso, rectificaci\u00f3n, supresi\u00f3n, oposici\u00f3n, portabilidad y limitaci\u00f3n del tratamiento, conferidos por la&nbsp; RGPD&nbsp;(UE) 679\/2016, dirigi\u00e9ndose por correo postal a la direcci\u00f3n: C. D&#8217;Ast\u00faries, 16-18 \u2013 08915 &#8211; Badalona. Si vost\u00e8 no desitja rebre m\u00e9s informaci\u00f3 sobre els nostres serveis, pot donar-se de baixa en la seg\u00fcent adre\u00e7a de correu electr\u00f2nic: privacy@einatec.com.<\/p>\n\t\t\t\t\t\t<\/div>\n\t\t\t\t<\/div>\n\t\t\t\t<div class=\"elementor-element elementor-element-7fdcd6e1 elementor-widget elementor-widget-button\" data-id=\"7fdcd6e1\" data-element_type=\"widget\" data-widget_type=\"button.default\">\n\t\t\t\t<div class=\"elementor-widget-container\">\n\t\t\t\t\t<div class=\"elementor-button-wrapper\">\n\t\t\t<a class=\"elementor-button elementor-button-link elementor-size-lg\" href=\"https:\/\/einatec.typeform.com\/to\/SkRa47\" target=\"_blank\">\n\t\t\t\t\t\t<span class=\"elementor-button-content-wrapper\">\n\t\t\t\t\t\t<span class=\"elementor-button-text\">Participar<\/span>\n\t\t<\/span>\n\t\t\t\t\t<\/a>\n\t\t<\/div>\n\t\t\t\t<\/div>\n\t\t\t\t<\/div>\n\t\t\t\t\t<\/div>\n\t\t<\/div>\n\t\t\t\t\t<\/div>\n\t\t<\/section>\n\t\t\t\t<\/div>\n\t\t","protected":false},"excerpt":{"rendered":"<p>Bases del concurso En que consiste Estas Bases han sido elaboradas para la correcta aplicaci\u00f3n del concurso de lanzamiento de Impulsa Badalona y para establecer su marco legal, tanto de participaci\u00f3n como de tratamiento de datos..&nbsp; Impulsa Badalona es una plataforma que pone en valor la colaboraci\u00f3n entre empresas y ciudadanos, para fomentar la econom\u00eda [&hellip;]<\/p>\n","protected":false},"author":1,"featured_media":0,"parent":0,"menu_order":0,"comment_status":"closed","ping_status":"closed","template":"elementor_header_footer","meta":{"footnotes":""},"yoast_head":"<!-- This site is optimized with the Yoast SEO plugin v22.3 - https:\/\/yoast.com\/wordpress\/plugins\/seo\/ -->\n<title>Bases del concurso - Impulsa Badalona<\/title>\n<meta name=\"robots\" content=\"index, follow, max-snippet:-1, max-image-preview:large, max-video-preview:-1\" \/>\n<link rel=\"canonical\" href=\"https:\/\/impulsabadalona.org\/bases-del-concurs\/\" \/>\n<meta property=\"og:locale\" content=\"es_ES\" \/>\n<meta property=\"og:type\" content=\"article\" \/>\n<meta property=\"og:title\" content=\"Bases del concurso - Impulsa Badalona\" \/>\n<meta property=\"og:description\" content=\"Bases del concurso En que consiste Estas Bases han sido elaboradas para la correcta aplicaci\u00f3n del concurso de lanzamiento de Impulsa Badalona y para establecer su marco legal, tanto de participaci\u00f3n como de tratamiento de datos..&nbsp; Impulsa Badalona es una plataforma que pone en valor la colaboraci\u00f3n entre empresas y ciudadanos, para fomentar la econom\u00eda [&hellip;]\" \/>\n<meta property=\"og:url\" content=\"https:\/\/impulsabadalona.org\/bases-del-concurs\/\" \/>\n<meta property=\"og:site_name\" content=\"Impulsa Badalona\" \/>\n<meta property=\"article:modified_time\" content=\"2020-04-21T15:51:02+00:00\" \/>\n<meta property=\"og:image\" content=\"https:\/\/impulsabadalona.org\/wp-content\/uploads\/2020\/04\/heart-white.png\" \/>\n<meta name=\"twitter:card\" content=\"summary_large_image\" \/>\n<meta name=\"twitter:label1\" content=\"Tiempo de lectura\" \/>\n\t<meta name=\"twitter:data1\" content=\"4 minutos\" \/>\n<script type=\"application\/ld+json\" class=\"yoast-schema-graph\">{\"@context\":\"https:\/\/schema.org\",\"@graph\":[{\"@type\":\"WebPage\",\"@id\":\"https:\/\/impulsabadalona.org\/bases-del-concurs\/\",\"url\":\"https:\/\/impulsabadalona.org\/bases-del-concurs\/\",\"name\":\"Bases del concurso - Impulsa Badalona\",\"isPartOf\":{\"@id\":\"https:\/\/impulsabadalona.org\/#website\"},\"primaryImageOfPage\":{\"@id\":\"https:\/\/impulsabadalona.org\/bases-del-concurs\/#primaryimage\"},\"image\":{\"@id\":\"https:\/\/impulsabadalona.org\/bases-del-concurs\/#primaryimage\"},\"thumbnailUrl\":\"https:\/\/impulsabadalona.org\/wp-content\/uploads\/2020\/04\/heart-white.png\",\"datePublished\":\"2020-04-21T15:50:58+00:00\",\"dateModified\":\"2020-04-21T15:51:02+00:00\",\"breadcrumb\":{\"@id\":\"https:\/\/impulsabadalona.org\/bases-del-concurs\/#breadcrumb\"},\"inLanguage\":\"es\",\"potentialAction\":[{\"@type\":\"ReadAction\",\"target\":[\"https:\/\/impulsabadalona.org\/bases-del-concurs\/\"]}]},{\"@type\":\"ImageObject\",\"inLanguage\":\"es\",\"@id\":\"https:\/\/impulsabadalona.org\/bases-del-concurs\/#primaryimage\",\"url\":\"https:\/\/impulsabadalona.org\/wp-content\/uploads\/2020\/04\/heart-white.png\",\"contentUrl\":\"https:\/\/impulsabadalona.org\/wp-content\/uploads\/2020\/04\/heart-white.png\",\"width\":800,\"height\":800},{\"@type\":\"BreadcrumbList\",\"@id\":\"https:\/\/impulsabadalona.org\/bases-del-concurs\/#breadcrumb\",\"itemListElement\":[{\"@type\":\"ListItem\",\"position\":1,\"name\":\"Portada\",\"item\":\"https:\/\/impulsabadalona.org\/es\/\"},{\"@type\":\"ListItem\",\"position\":2,\"name\":\"Bases del concurso\"}]},{\"@type\":\"WebSite\",\"@id\":\"https:\/\/impulsabadalona.org\/#website\",\"url\":\"https:\/\/impulsabadalona.org\/\",\"name\":\"Impulsa Badalona\",\"description\":\"Xarxa de suport i col\u00b7laboraci\u00f3\",\"publisher\":{\"@id\":\"https:\/\/impulsabadalona.org\/#organization\"},\"potentialAction\":[{\"@type\":\"SearchAction\",\"target\":{\"@type\":\"EntryPoint\",\"urlTemplate\":\"https:\/\/impulsabadalona.org\/?s={search_term_string}\"},\"query-input\":\"required name=search_term_string\"}],\"inLanguage\":\"es\"},{\"@type\":\"Organization\",\"@id\":\"https:\/\/impulsabadalona.org\/#organization\",\"name\":\"Impulsa Badalona\",\"url\":\"https:\/\/impulsabadalona.org\/\",\"logo\":{\"@type\":\"ImageObject\",\"inLanguage\":\"es\",\"@id\":\"https:\/\/impulsabadalona.org\/#\/schema\/logo\/image\/\",\"url\":\"https:\/\/impulsabadalona.org\/wp-content\/uploads\/2020\/04\/cropped-impulsabadalona.png\",\"contentUrl\":\"https:\/\/impulsabadalona.org\/wp-content\/uploads\/2020\/04\/cropped-impulsabadalona.png\",\"width\":1030,\"height\":146,\"caption\":\"Impulsa Badalona\"},\"image\":{\"@id\":\"https:\/\/impulsabadalona.org\/#\/schema\/logo\/image\/\"}}]}<\/script>\n<!-- \/ Yoast SEO plugin. -->","yoast_head_json":{"title":"Bases del concurso - Impulsa Badalona","robots":{"index":"index","follow":"follow","max-snippet":"max-snippet:-1","max-image-preview":"max-image-preview:large","max-video-preview":"max-video-preview:-1"},"canonical":"https:\/\/impulsabadalona.org\/bases-del-concurs\/","og_locale":"es_ES","og_type":"article","og_title":"Bases del concurso - Impulsa Badalona","og_description":"Bases del concurso En que consiste Estas Bases han sido elaboradas para la correcta aplicaci\u00f3n del concurso de lanzamiento de Impulsa Badalona y para establecer su marco legal, tanto de participaci\u00f3n como de tratamiento de datos..&nbsp; Impulsa Badalona es una plataforma que pone en valor la colaboraci\u00f3n entre empresas y ciudadanos, para fomentar la econom\u00eda [&hellip;]","og_url":"https:\/\/impulsabadalona.org\/bases-del-concurs\/","og_site_name":"Impulsa Badalona","article_modified_time":"2020-04-21T15:51:02+00:00","og_image":[{"url":"https:\/\/impulsabadalona.org\/wp-content\/uploads\/2020\/04\/heart-white.png"}],"twitter_card":"summary_large_image","twitter_misc":{"Tiempo de lectura":"4 minutos"},"schema":{"@context":"https:\/\/schema.org","@graph":[{"@type":"WebPage","@id":"https:\/\/impulsabadalona.org\/bases-del-concurs\/","url":"https:\/\/impulsabadalona.org\/bases-del-concurs\/","name":"Bases del concurso - Impulsa Badalona","isPartOf":{"@id":"https:\/\/impulsabadalona.org\/#website"},"primaryImageOfPage":{"@id":"https:\/\/impulsabadalona.org\/bases-del-concurs\/#primaryimage"},"image":{"@id":"https:\/\/impulsabadalona.org\/bases-del-concurs\/#primaryimage"},"thumbnailUrl":"https:\/\/impulsabadalona.org\/wp-content\/uploads\/2020\/04\/heart-white.png","datePublished":"2020-04-21T15:50:58+00:00","dateModified":"2020-04-21T15:51:02+00:00","breadcrumb":{"@id":"https:\/\/impulsabadalona.org\/bases-del-concurs\/#breadcrumb"},"inLanguage":"es","potentialAction":[{"@type":"ReadAction","target":["https:\/\/impulsabadalona.org\/bases-del-concurs\/"]}]},{"@type":"ImageObject","inLanguage":"es","@id":"https:\/\/impulsabadalona.org\/bases-del-concurs\/#primaryimage","url":"https:\/\/impulsabadalona.org\/wp-content\/uploads\/2020\/04\/heart-white.png","contentUrl":"https:\/\/impulsabadalona.org\/wp-content\/uploads\/2020\/04\/heart-white.png","width":800,"height":800},{"@type":"BreadcrumbList","@id":"https:\/\/impulsabadalona.org\/bases-del-concurs\/#breadcrumb","itemListElement":[{"@type":"ListItem","position":1,"name":"Portada","item":"https:\/\/impulsabadalona.org\/es\/"},{"@type":"ListItem","position":2,"name":"Bases del concurso"}]},{"@type":"WebSite","@id":"https:\/\/impulsabadalona.org\/#website","url":"https:\/\/impulsabadalona.org\/","name":"Impulsa Badalona","description":"Xarxa de suport i col\u00b7laboraci\u00f3","publisher":{"@id":"https:\/\/impulsabadalona.org\/#organization"},"potentialAction":[{"@type":"SearchAction","target":{"@type":"EntryPoint","urlTemplate":"https:\/\/impulsabadalona.org\/?s={search_term_string}"},"query-input":"required name=search_term_string"}],"inLanguage":"es"},{"@type":"Organization","@id":"https:\/\/impulsabadalona.org\/#organization","name":"Impulsa Badalona","url":"https:\/\/impulsabadalona.org\/","logo":{"@type":"ImageObject","inLanguage":"es","@id":"https:\/\/impulsabadalona.org\/#\/schema\/logo\/image\/","url":"https:\/\/impulsabadalona.org\/wp-content\/uploads\/2020\/04\/cropped-impulsabadalona.png","contentUrl":"https:\/\/impulsabadalona.org\/wp-content\/uploads\/2020\/04\/cropped-impulsabadalona.png","width":1030,"height":146,"caption":"Impulsa Badalona"},"image":{"@id":"https:\/\/impulsabadalona.org\/#\/schema\/logo\/image\/"}}]}},"_links":{"self":[{"href":"https:\/\/impulsabadalona.org\/es\/wp-json\/wp\/v2\/pages\/463"}],"collection":[{"href":"https:\/\/impulsabadalona.org\/es\/wp-json\/wp\/v2\/pages"}],"about":[{"href":"https:\/\/impulsabadalona.org\/es\/wp-json\/wp\/v2\/types\/page"}],"author":[{"embeddable":true,"href":"https:\/\/impulsabadalona.org\/es\/wp-json\/wp\/v2\/users\/1"}],"replies":[{"embeddable":true,"href":"https:\/\/impulsabadalona.org\/es\/wp-json\/wp\/v2\/comments?post=463"}],"version-history":[{"count":4,"href":"https:\/\/impulsabadalona.org\/es\/wp-json\/wp\/v2\/pages\/463\/revisions"}],"predecessor-version":[{"id":467,"href":"https:\/\/impulsabadalona.org\/es\/wp-json\/wp\/v2\/pages\/463\/revisions\/467"}],"wp:attachment":[{"href":"https:\/\/impulsabadalona.org\/es\/wp-json\/wp\/v2\/media?parent=463"}],"curies":[{"name":"wp","href":"https:\/\/api.w.org\/{rel}","templated":true}]}}